{"id":440,"date":"2022-07-13T12:58:08","date_gmt":"2022-07-13T10:58:08","guid":{"rendered":"https:\/\/www.tele-data.de\/products\/protokoll-konverter\/"},"modified":"2022-07-19T11:25:18","modified_gmt":"2022-07-19T09:25:18","slug":"protocol-converters","status":"publish","type":"page","link":"https:\/\/www.tele-data.de\/en\/products\/protocol-converters\/","title":{"rendered":"Protocol Converters"},"content":{"rendered":"<h1>Protocol Converters<\/h1>\n<hr>\n<div>\n<p class=\"mb2\"><span>We offer optimally coordinated product range that can be combined to create individualized solutions.<\/span><\/p>\n<\/div>\n<table>\n<tbody>\n<tr>\n<td>IEC<\/td>\n<td>\n<p>IEC 61850<br \/>IEC 60870-5-101<br \/>IEC 60870-5-102<br \/>IEC 60870-5-103<br \/>IEC 60870-5-104<\/p>\n<\/td>\n<\/tr>\n<tr>\n<td>ABB<\/td>\n<td>\n<p>RP 570<br \/>SPA-Bus<br \/>Indactic 33<\/p>\n<\/td>\n<\/tr>\n<tr>\n<td>Landis&#038;Gyr<\/td>\n<td>\n<p>TG 065 Master \/ Slave<br \/>TG 707 Master \/ Slave<br \/>TG 709 Master \/ Slave<br \/>TG 809 Master \/ Slave<br \/>ECL<\/p>\n<\/td>\n<\/tr>\n<tr>\n<td>DNP User Group\t<\/td>\n<td>\n<p>DNP 3.0<\/p>\n<\/td>\n<\/tr>\n<tr>\n<td>Modbus-IDA\t<\/td>\n<td>\n<p>Modbus<\/p>\n<\/p>\n<\/td>\n<\/tr>\n<tr>\n<td>OPC Foundation<\/td>\n<td>\n<p>OPC client\/server<br \/>Z70 Master\/Slave<br \/>Profibus<\/p>\n<\/td>\n<\/tr>\n<tr>\n<td>Siemens<\/td>\n<td>\n<p>FW 517 Master \/ Slave<br \/>FW 537 Master \/ Slave<br \/>SINAUT 8FW<br \/>SINAUT ST<br \/>SINAUT ST1<br \/>SINAUT STX<br \/>SINAUT DUST<\/p>\n<\/td>\n<\/tr>\n<\/tbody>\n<\/table>\n<div>\n<p>On existing or separate industrial PCs, we offer protocol converters from all of the above protocols to all other protocols.<\/p>\n<\/div>\n<p>\n    <a href=\"\/wp-content\/uploads\/2022\/07\/Protokollkonverter-IEC101-OPCv0_1.pdf\">Example<\/a>\n<\/p>\n<h2>Module-based telegram converter<\/h2>\n<ul>\n<li>\n<p>        <img decoding=\"async\" src=\"\/wp-content\/uploads\/2022\/07\/TK28B3-scaled.jpg\" alt=\"\"><\/p>\n<h3>TK28<\/h3>\n<div>\n<p><span>Koppelbaugruppe f\u00fcr alle Power Utility Communication Protokolle bis auf IEC 61850-9-2 (Prozessbus)<\/span><\/p>\n<\/div>\n<p><a href=\"\/wp-content\/uploads\/2022\/07\/TD_TK28_EN.pdf\">Download Datenblatt<\/a><\/p>\n<\/li>\n<li>\n<p>        <img decoding=\"async\" src=\"\/wp-content\/uploads\/2022\/07\/TK102-scaled.jpg\" alt=\"\"><\/p>\n<h3>TK102<\/h3>\n<div>\n<p><span>Koppelbaugruppe f\u00fcr alle Power Utility Communication Protokolle inkl. IEC 61850-9-2 (Prozessbus)<\/span><\/p>\n<\/div>\n<p><a href=\"\/wp-content\/uploads\/2022\/07\/TD_TK102_EN.pdf\">Download Datenblatt<\/a><\/p>\n<\/li>\n<\/ul>\n<h3>PC-basierter Protokollsimulator Fink WinPP<\/h3>\n<div>\n<p><strong>Simulationsoftware f\u00fcr IEC 60870-5-101, IEC 60870-5-102, IEC 60870-5-103, IEC 60870-5-104, SINAUT 8-FW 16-1024 PCM\/DPDM<\/strong><\/p>\n<p>Die WinPP-Produktfamilie vom Ingenieurb\u00fcro Fink erlaubt sowohl die Simulation von Standardprotokollen als auch von weit verbreiteten, propriet\u00e4ren Protokollen. Das Ingenieurb\u00fcro Fink widmet sich seit vielen Jahren der Entwicklung von Protokollsimulatoren. Der Name &#8220;Fink&#8221; steht f\u00fcr hohe Zuverl\u00e4ssigkeit und guten Support und\u00a0 ist speziell im deutschsprachigen Raum zu einem Markenzeichen geworden.<\/p>\n<p>Die WinPP-Simulatoren sind f\u00fcr folgende Protokolle erh\u00e4ltlich:<\/p>\n<ul>\n<li>IEC 60870-5-101<\/li>\n<li>IEC 60870-5-102<\/li>\n<li>IEC 60870-5-103<\/li>\n<li>IEC 60870-5-104<\/li>\n<li>Sinaut 8FW<\/li>\n<\/ul>\n<p>Folgende Funktionen werden unterst\u00fctzt :<\/p>\n<ul>\n<li>Simulation einer Zentrale (Master) und einer Unterstation (Slave)<\/li>\n<li>Mith\u00f6rbetrieb<\/li>\n<li>Pr\u00fcfung von Telegrammen auf ihre Korrektheit<\/li>\n<li>Gezieltes Senden von Telegrammen z.B. von Befehlen, Abfragen etc.<\/li>\n<li>Filtern der Telegramme nach Zeit, Typ, Datenart, Telegrammnummer, \u2026<\/li>\n<li>Import von Informationsobjekttexten aus CSV-Dateien<\/li>\n<li>Export und Druck von Logfiles<\/li>\n<\/ul>\n<p>Das n\u00e4chste Bild zeigt die Telegramanzeige des Simulators f\u00fcr das\u00a0IEC 60870-5-101\u00a0Protokoll. Bei diesem Protokoll erfolgt die Kopplung zur Fernwirkeinrichtung \u00fcber die serielle Schnittstelle (COM). Zwei Schnittstellen werden unterst\u00fctzt. Um mehr als zwei Schnittstellen anzusprechen, kann das Programm mehrfach gestartet werden.<\/p>\n<\/div>\n<p><img decoding=\"async\" src=\"\/wp-content\/uploads\/2022\/07\/winpp101_1.jpg\" alt=\"\"><br \/>\n<img decoding=\"async\" src=\"\/wp-content\/uploads\/2022\/07\/winpp101_2.jpg\" alt=\"\"><\/p>\n<div>\n<p>Auf dem n\u00e4chsten Bild sehen Sie die Oberfl\u00e4che f\u00fcr die Parametrierung von Telegramm-Listen f\u00fcr das\u00a0IEC 60870-5-101\u00a0Protokoll. Es stehen 12 Einzel-Telegramme und 12 Telegramm-Listen zur Verf\u00fcgung. In einer Liste k\u00f6nnen Sie bis zu 3000 Objekte (je nach Protokoll) parametrieren. F\u00fcr die Simulation der Befehlsr\u00fcckmeldungen stehen bis zu 1000 Objekte zur Verf\u00fcgung (je nach Protokoll). Der Sendeansto\u00df f\u00fcr die Telegramme und Listen erfolgt durch Bedienung oder durch ein Ereignis.<\/p>\n<\/div>\n<div>\n<p>Die Sprache der Bedienoberfl\u00e4che kann zwischen Deutsch und English umgeschaltet werden!<\/p>\n<p>Systemvoraussetzungen:<\/p>\n<ul>\n<li>Windows 10, 8, 7, Vista oder XP<\/li>\n<li>Pentium, VGA oder h\u00f6her<\/li>\n<li>100 MB RAM, 100 MB Disk<\/li>\n<li>mindestens 1 COM Schnittstelle bei WinPP101\/WinPP102\/WinPP103 (auch USB seriell m\u00f6glich)<\/li>\n<li>Netzwerkinterface (Ethernet LAN, TCP\/IP) bei WinPP104<\/li>\n<li>USB Schnittstelle f\u00fcr Dongle<\/li>\n<\/ul>\n<\/div>\n<div>\n<p>Die Demoversionen k\u00f6nnen maximal 20 Telegramme senden\/empfangen und erlauben keine Speicherung von aktuellen Einstellungen und Telegrammen.<br \/>Preise auf Anfrage !<\/p>\n<\/div>\n<p><!--more--><br \/>\n<!-- {\"type\":\"layout\",\"children\":[{\"type\":\"section\",\"props\":{\"style\":\"default\",\"width\":\"expand\",\"vertical_align\":\"middle\",\"title_position\":\"top-left\",\"title_rotation\":\"left\",\"title_breakpoint\":\"xl\",\"image_position\":\"center-center\",\"image\":\"wp-content\\\/uploads\\\/2022\\\/07\\\/service-banner.jpg\",\"image_size\":\"cover\"},\"children\":[{\"type\":\"row\",\"children\":[{\"type\":\"column\",\"props\":{\"position_sticky_breakpoint\":\"m\",\"image_position\":\"center-center\",\"media_overlay_gradient\":\"\"},\"children\":[{\"type\":\"headline\",\"props\":{\"title_element\":\"h1\",\"content\":\"Protocol Converters\",\"text_align\":\"center\",\"title_color\":\"success\"}},{\"type\":\"divider\",\"props\":{\"divider_element\":\"hr\",\"divider_style\":\"small\",\"divider_align\":\"center\"}}]}]}]},{\"type\":\"section\",\"props\":{\"style\":\"default\",\"width\":\"default\",\"vertical_align\":\"middle\",\"title_position\":\"top-left\",\"title_rotation\":\"left\",\"title_breakpoint\":\"xl\",\"image_position\":\"center-center\"},\"children\":[{\"type\":\"row\",\"children\":[{\"type\":\"column\",\"props\":{\"position_sticky_breakpoint\":\"m\",\"image_position\":\"center-center\",\"media_overlay_gradient\":\"\"},\"children\":[{\"type\":\"text\",\"props\":{\"margin\":\"default\",\"column_breakpoint\":\"m\",\"content\":\"\n\n<p class=\\\"mb2\\\"><span>We offer optimally coordinated product range that can be combined to create individualized solutions.<\\\/span><\\\/p>\"}}]}]},{\"type\":\"row\",\"props\":{\"layout\":\"2-3,1-3\"},\"children\":[{\"type\":\"column\",\"props\":{\"position_sticky_breakpoint\":\"m\",\"image_position\":\"center-center\",\"media_overlay_gradient\":\"\",\"width_medium\":\"2-3\"},\"children\":[{\"type\":\"table\",\"props\":{\"show_title\":true,\"show_meta\":true,\"show_content\":true,\"show_image\":true,\"show_link\":true,\"table_order\":\"1\",\"table_responsive\":\"overflow\",\"table_width_title\":\"\",\"table_width_meta\":\"\",\"meta_style\":\"meta\",\"image_svg_color\":\"emphasis\",\"link_text\":\"Read more\",\"link_style\":\"default\",\"table_style\":\"striped\",\"table_last_align\":\"left\",\"table_hover\":false,\"table_justify\":false,\"table_size\":\"\"},\"children\":[{\"type\":\"table_item\",\"props\":{\"content\":\"\n\n<p>IEC 61850<br \\\/>IEC 60870-5-101<br \\\/>IEC 60870-5-102<br \\\/>IEC 60870-5-103<br \\\/>IEC 60870-5-104<\\\/p>\",\"title\":\"IEC\"}},{\"type\":\"table_item\",\"props\":{\"title\":\"ABB\",\"content\":\"\n\n<p>RP 570<br \\\/>SPA-Bus<br \\\/>Indactic 33<\\\/p>\"}},{\"type\":\"table_item\",\"props\":{\"title\":\"Landis&Gyr\",\"content\":\"\n\n<p>TG 065 Master \\\/ Slave<br \\\/>TG 707 Master \\\/ Slave<br \\\/>TG 709 Master \\\/ Slave<br \\\/>TG 809 Master \\\/ Slave<br \\\/>ECL<\\\/p>\"}},{\"type\":\"table_item\",\"props\":{\"title\":\"DNP User Group\\t\",\"content\":\"\n\n<p>DNP 3.0<\\\/p>\"}},{\"type\":\"table_item\",\"props\":{\"title\":\"Modbus-IDA\\t\",\"content\":\"\n\n<p>Modbus<\\\/p>\\n\n\n<p><\\\/p>\"}},{\"type\":\"table_item\",\"props\":{\"title\":\"OPC Foundation\",\"content\":\"\n\n<p>OPC client\\\/server<br \\\/>Z70 Master\\\/Slave<br \\\/>Profibus<\\\/p>\"}},{\"type\":\"table_item\",\"props\":{\"title\":\"Siemens\",\"content\":\"\n\n<p>FW 517 Master \\\/ Slave<br \\\/>FW 537 Master \\\/ Slave<br \\\/>SINAUT 8FW<br \\\/>SINAUT ST<br \\\/>SINAUT ST1<br \\\/>SINAUT STX<br \\\/>SINAUT DUST<\\\/p>\"}}]}]},{\"type\":\"column\",\"props\":{\"position_sticky_breakpoint\":\"m\",\"image_position\":\"center-center\",\"media_overlay_gradient\":\"\",\"width_medium\":\"1-3\"},\"children\":[{\"type\":\"text\",\"props\":{\"margin\":\"default\",\"column_breakpoint\":\"m\",\"content\":\"\n\n<p>On existing or separate industrial PCs, we offer protocol converters from all of the above protocols to all other protocols.<\\\/p>\"}},{\"type\":\"button\",\"props\":{\"grid_column_gap\":\"small\",\"grid_row_gap\":\"small\",\"margin\":\"default\"},\"children\":[{\"type\":\"button_item\",\"props\":{\"button_style\":\"default\",\"icon_align\":\"left\",\"content\":\"Example\",\"icon\":\"file-pdf\",\"link\":\"wp-content\\\/uploads\\\/2022\\\/07\\\/Protokollkonverter-IEC101-OPCv0_1.pdf\",\"link_target\":\"blank\"}}]}]}]}]},{\"type\":\"section\",\"props\":{\"style\":\"default\",\"width\":\"default\",\"vertical_align\":\"middle\",\"title_position\":\"top-left\",\"title_rotation\":\"left\",\"title_breakpoint\":\"xl\",\"image_position\":\"center-center\"},\"children\":[{\"type\":\"row\",\"children\":[{\"type\":\"column\",\"props\":{\"position_sticky_breakpoint\":\"m\",\"image_position\":\"center-center\",\"media_overlay_gradient\":\"\"},\"children\":[{\"type\":\"headline\",\"props\":{\"title_element\":\"h2\",\"content\":\"Module-based telegram converter\",\"text_align\":\"center\"}},{\"type\":\"grid\",\"props\":{\"show_title\":true,\"show_meta\":true,\"show_content\":true,\"show_image\":true,\"show_link\":true,\"grid_default\":\"1\",\"grid_medium\":\"2\",\"filter_style\":\"tab\",\"filter_all\":true,\"filter_position\":\"top\",\"filter_align\":\"left\",\"filter_grid_width\":\"auto\",\"filter_grid_breakpoint\":\"m\",\"title_hover_style\":\"reset\",\"title_element\":\"h3\",\"title_align\":\"top\",\"title_grid_width\":\"1-2\",\"title_grid_breakpoint\":\"m\",\"meta_style\":\"meta\",\"meta_align\":\"below-title\",\"meta_element\":\"div\",\"content_column_breakpoint\":\"m\",\"icon_width\":80,\"image_align\":\"top\",\"image_grid_width\":\"1-2\",\"image_grid_breakpoint\":\"m\",\"image_svg_color\":\"emphasis\",\"link_text\":\"Download Datenblatt\",\"link_style\":\"default\",\"margin\":\"default\",\"item_animation\":true,\"link_target\":true,\"grid_column_align\":true},\"children\":[{\"type\":\"grid_item\",\"props\":{\"title\":\"TK28\",\"content\":\"\n\n<p><span>Koppelbaugruppe f\\u00fcr alle Power Utility Communication Protokolle bis auf IEC 61850-9-2 (Prozessbus)<\\\/span><\\\/p>\",\"icon\":\"\",\"link\":\"wp-content\\\/uploads\\\/2022\\\/07\\\/TD_TK28_EN.pdf\",\"image\":\"wp-content\\\/uploads\\\/2022\\\/07\\\/TK28B3-scaled.jpg\"}},{\"type\":\"grid_item\",\"props\":{\"title\":\"TK102\",\"content\":\"\n\n<p><span>Koppelbaugruppe f\\u00fcr alle Power Utility Communication Protokolle inkl. IEC 61850-9-2 (Prozessbus)<\\\/span><\\\/p>\",\"link\":\"wp-content\\\/uploads\\\/2022\\\/07\\\/TD_TK102_EN.pdf\",\"image\":\"wp-content\\\/uploads\\\/2022\\\/07\\\/TK102-scaled.jpg\"}}]}]}]}]},{\"type\":\"section\",\"props\":{\"style\":\"muted\",\"width\":\"default\",\"vertical_align\":\"middle\",\"title_position\":\"top-left\",\"title_rotation\":\"left\",\"title_breakpoint\":\"xl\",\"image_position\":\"center-center\"},\"children\":[{\"type\":\"row\",\"children\":[{\"type\":\"column\",\"props\":{\"position_sticky_breakpoint\":\"m\",\"image_position\":\"center-center\",\"media_overlay_gradient\":\"\"},\"children\":[{\"type\":\"headline\",\"props\":{\"title_element\":\"h3\",\"content\":\"PC-basierter Protokollsimulator Fink WinPP\"}}]}]},{\"type\":\"row\",\"props\":{\"layout\":\"1-2,1-2\"},\"children\":[{\"type\":\"column\",\"props\":{\"position_sticky_breakpoint\":\"m\",\"image_position\":\"center-center\",\"media_overlay_gradient\":\"\",\"width_medium\":\"1-2\"},\"children\":[{\"type\":\"text\",\"props\":{\"margin\":\"default\",\"column_breakpoint\":\"m\",\"content\":\"\n\n<p><strong>Simulationsoftware f\\u00fcr IEC 60870-5-101, IEC 60870-5-102, IEC 60870-5-103, IEC 60870-5-104, SINAUT 8-FW 16-1024 PCM\\\/DPDM<\\\/strong><\\\/p>\\n\n\n<p>Die WinPP-Produktfamilie vom Ingenieurb\\u00fcro Fink erlaubt sowohl die Simulation von Standardprotokollen als auch von weit verbreiteten, propriet\\u00e4ren Protokollen. Das Ingenieurb\\u00fcro Fink widmet sich seit vielen Jahren der Entwicklung von Protokollsimulatoren. Der Name \\\"Fink\\\" steht f\\u00fcr hohe Zuverl\\u00e4ssigkeit und guten Support und\\u00a0 ist speziell im deutschsprachigen Raum zu einem Markenzeichen geworden.<\\\/p>\\n\n\n<p>Die WinPP-Simulatoren sind f\\u00fcr folgende Protokolle erh\\u00e4ltlich:<\\\/p>\\n\n\n<ul>\\n\n\n<li>IEC 60870-5-101<\\\/li>\\n\n\n<li>IEC 60870-5-102<\\\/li>\\n\n\n<li>IEC 60870-5-103<\\\/li>\\n\n\n<li>IEC 60870-5-104<\\\/li>\\n\n\n<li>Sinaut 8FW<\\\/li>\\n<\\\/ul>\\n\n\n<p>Folgende Funktionen werden unterst\\u00fctzt :<\\\/p>\\n\n\n<ul>\\n\n\n<li>Simulation einer Zentrale (Master) und einer Unterstation (Slave)<\\\/li>\\n\n\n<li>Mith\\u00f6rbetrieb<\\\/li>\\n\n\n<li>Pr\\u00fcfung von Telegrammen auf ihre Korrektheit<\\\/li>\\n\n\n<li>Gezieltes Senden von Telegrammen z.B. von Befehlen, Abfragen etc.<\\\/li>\\n\n\n<li>Filtern der Telegramme nach Zeit, Typ, Datenart, Telegrammnummer, \\u2026<\\\/li>\\n\n\n<li>Import von Informationsobjekttexten aus CSV-Dateien<\\\/li>\\n\n\n<li>Export und Druck von Logfiles<\\\/li>\\n<\\\/ul>\\n\n\n<p>Das n\\u00e4chste Bild zeigt die Telegramanzeige des Simulators f\\u00fcr das\\u00a0IEC 60870-5-101\\u00a0Protokoll. Bei diesem Protokoll erfolgt die Kopplung zur Fernwirkeinrichtung \\u00fcber die serielle Schnittstelle (COM). Zwei Schnittstellen werden unterst\\u00fctzt. Um mehr als zwei Schnittstellen anzusprechen, kann das Programm mehrfach gestartet werden.<\\\/p>\"}}]},{\"type\":\"column\",\"props\":{\"position_sticky_breakpoint\":\"m\",\"image_position\":\"center-center\",\"media_overlay_gradient\":\"\",\"width_medium\":\"1-2\"},\"children\":[{\"type\":\"image\",\"props\":{\"margin\":\"default\",\"image_svg_color\":\"emphasis\",\"image\":\"wp-content\\\/uploads\\\/2022\\\/07\\\/winpp101_1.jpg\",\"image_width\":\"1000\"}}]}]},{\"type\":\"row\",\"props\":{\"layout\":\"1-2,1-2\"},\"children\":[{\"type\":\"column\",\"props\":{\"position_sticky_breakpoint\":\"m\",\"image_position\":\"center-center\",\"media_overlay_gradient\":\"\",\"width_medium\":\"1-2\"},\"children\":[{\"type\":\"image\",\"props\":{\"margin\":\"default\",\"image_svg_color\":\"emphasis\",\"image\":\"wp-content\\\/uploads\\\/2022\\\/07\\\/winpp101_2.jpg\"}}]},{\"type\":\"column\",\"props\":{\"position_sticky_breakpoint\":\"m\",\"image_position\":\"center-center\",\"media_overlay_gradient\":\"\",\"width_medium\":\"1-2\"},\"children\":[{\"type\":\"text\",\"props\":{\"margin\":\"default\",\"column_breakpoint\":\"m\",\"content\":\"\n\n<p>Auf dem n\\u00e4chsten Bild sehen Sie die Oberfl\\u00e4che f\\u00fcr die Parametrierung von Telegramm-Listen f\\u00fcr das\\u00a0IEC 60870-5-101\\u00a0Protokoll. Es stehen 12 Einzel-Telegramme und 12 Telegramm-Listen zur Verf\\u00fcgung. In einer Liste k\\u00f6nnen Sie bis zu 3000 Objekte (je nach Protokoll) parametrieren. F\\u00fcr die Simulation der Befehlsr\\u00fcckmeldungen stehen bis zu 1000 Objekte zur Verf\\u00fcgung (je nach Protokoll). Der Sendeansto\\u00df f\\u00fcr die Telegramme und Listen erfolgt durch Bedienung oder durch ein Ereignis.<\\\/p>\"}}]}]},{\"type\":\"row\",\"props\":{\"layout\":\"1-2,1-2\"},\"children\":[{\"type\":\"column\",\"props\":{\"position_sticky_breakpoint\":\"m\",\"image_position\":\"center-center\",\"media_overlay_gradient\":\"\",\"width_medium\":\"1-2\"},\"children\":[{\"type\":\"text\",\"props\":{\"margin\":\"default\",\"column_breakpoint\":\"m\",\"content\":\"\n\n<p>Die Sprache der Bedienoberfl\\u00e4che kann zwischen Deutsch und English umgeschaltet werden!<\\\/p>\\n\n\n<p>Systemvoraussetzungen:<\\\/p>\\n\n\n<ul>\\n\n\n<li>Windows 10, 8, 7, Vista oder XP<\\\/li>\\n\n\n<li>Pentium, VGA oder h\\u00f6her<\\\/li>\\n\n\n<li>100 MB RAM, 100 MB Disk<\\\/li>\\n\n\n<li>mindestens 1 COM Schnittstelle bei WinPP101\\\/WinPP102\\\/WinPP103 (auch USB seriell m\\u00f6glich)<\\\/li>\\n\n\n<li>Netzwerkinterface (Ethernet LAN, TCP\\\/IP) bei WinPP104<\\\/li>\\n\n\n<li>USB Schnittstelle f\\u00fcr Dongle<\\\/li>\\n<\\\/ul>\"}}]},{\"type\":\"column\",\"props\":{\"position_sticky_breakpoint\":\"m\",\"image_position\":\"center-center\",\"media_overlay_gradient\":\"\",\"width_medium\":\"1-2\"},\"children\":[]}]},{\"type\":\"row\",\"children\":[{\"type\":\"column\",\"props\":{\"position_sticky_breakpoint\":\"m\",\"image_position\":\"center-center\",\"media_overlay_gradient\":\"\"},\"children\":[{\"type\":\"text\",\"props\":{\"margin\":\"default\",\"column_breakpoint\":\"m\",\"content\":\"\n\n<p>Die Demoversionen k\\u00f6nnen maximal 20 Telegramme senden\\\/empfangen und erlauben keine Speicherung von aktuellen Einstellungen und Telegrammen.<br \\\/>Preise auf Anfrage !<\\\/p>\"}}]}]}]}],\"version\":\"2.7.22\",\"yooessentialsVersion\":\"1.7.1\"} --><\/p>\n","protected":false},"excerpt":{"rendered":"<p>Protocol Converters We offer optimally coordinated product range that can be combined to create individualized solutions. IEC IEC 61850IEC 60870-5-101IEC 60870-5-102IEC 60870-5-103IEC 60870-5-104 ABB RP 570SPA-BusIndactic 33 Landis&#038;Gyr TG 065 Master \/ SlaveTG 707 Master \/ SlaveTG 709 Master \/ SlaveTG 809 Master \/ SlaveECL DNP User Group DNP 3.0 Modbus-IDA Modbus OPC Foundation OPC [&hellip;]<\/p>\n","protected":false},"author":1,"featured_media":0,"parent":437,"menu_order":0,"comment_status":"closed","ping_status":"closed","template":"","meta":{"footnotes":""},"class_list":["post-440","page","type-page","status-publish","hentry"],"_links":{"self":[{"href":"https:\/\/www.tele-data.de\/en\/wp-json\/wp\/v2\/pages\/440","targetHints":{"allow":["GET"]}}],"collection":[{"href":"https:\/\/www.tele-data.de\/en\/wp-json\/wp\/v2\/pages"}],"about":[{"href":"https:\/\/www.tele-data.de\/en\/wp-json\/wp\/v2\/types\/page"}],"author":[{"embeddable":true,"href":"https:\/\/www.tele-data.de\/en\/wp-json\/wp\/v2\/users\/1"}],"replies":[{"embeddable":true,"href":"https:\/\/www.tele-data.de\/en\/wp-json\/wp\/v2\/comments?post=440"}],"version-history":[{"count":8,"href":"https:\/\/www.tele-data.de\/en\/wp-json\/wp\/v2\/pages\/440\/revisions"}],"predecessor-version":[{"id":550,"href":"https:\/\/www.tele-data.de\/en\/wp-json\/wp\/v2\/pages\/440\/revisions\/550"}],"up":[{"embeddable":true,"href":"https:\/\/www.tele-data.de\/en\/wp-json\/wp\/v2\/pages\/437"}],"wp:attachment":[{"href":"https:\/\/www.tele-data.de\/en\/wp-json\/wp\/v2\/media?parent=440"}],"curies":[{"name":"wp","href":"https:\/\/api.w.org\/{rel}","templated":true}]}}